{"id":4298,"date":"2021-10-21T09:05:31","date_gmt":"2021-10-21T09:05:31","guid":{"rendered":"https:\/\/imagencorporativa.eweb2.unex.es\/?page_id=4298"},"modified":"2021-10-29T09:07:42","modified_gmt":"2021-10-29T09:07:42","slug":"contacto","status":"publish","type":"page","link":"https:\/\/imagencorporativa.eweb2.unex.es\/index.php\/contacto\/","title":{"rendered":"CONTACTO"},"content":{"rendered":"\t\t<div data-elementor-type=\"wp-page\" data-elementor-id=\"4298\" class=\"elementor elementor-4298\">\n\t\t\t\t\t\t<section class=\"elementor-section elementor-top-section elementor-element elementor-element-6cb650a1 elementor-section-full_width elementor-section-height-default elementor-section-height-default\" data-id=\"6cb650a1\" data-element_type=\"section\" data-settings=\"{&quot;background_background&quot;:&quot;classic&quot;}\">\n\t\t\t\t\t\t<div class=\"elementor-container elementor-column-gap-default\">\n\t\t\t\t\t<div class=\"elementor-column elementor-col-100 elementor-top-column elementor-element elementor-element-3672ac76\" data-id=\"3672ac76\" data-element_type=\"column\">\n\t\t\t<div class=\"elementor-widget-wrap elementor-element-populated\">\n\t\t\t\t\t\t<div class=\"elementor-element elementor-element-3aff5a44 elementor-widget elementor-widget-image\" data-id=\"3aff5a44\" data-element_type=\"widget\" data-widget_type=\"image.default\">\n\t\t\t\t<div class=\"elementor-widget-container\">\n\t\t\t\t\t\t\t\t\t\t\t\t\t\t\t<img fetchpriority=\"high\" decoding=\"async\" width=\"1920\" height=\"223\" src=\"https:\/\/imagencorporativa.eweb2.unex.es\/wp-content\/uploads\/2021\/10\/webICV-cabecera-CONTACTO.jpg\" class=\"attachment-full size-full wp-image-4624\" alt=\"\" \/>\t\t\t\t\t\t\t\t\t\t\t\t\t\t\t<\/div>\n\t\t\t\t<\/div>\n\t\t\t\t\t<\/div>\n\t\t<\/div>\n\t\t\t\t\t<\/div>\n\t\t<\/section>\n\t\t\t\t<section class=\"elementor-section elementor-top-section elementor-element elementor-element-23b03f0b elementor-section-boxed elementor-section-height-default elementor-section-height-default\" data-id=\"23b03f0b\" data-element_type=\"section\" data-settings=\"{&quot;background_background&quot;:&quot;classic&quot;}\">\n\t\t\t\t\t\t<div class=\"elementor-container elementor-column-gap-default\">\n\t\t\t\t\t<div class=\"elementor-column elementor-col-100 elementor-top-column elementor-element elementor-element-5111d0ac\" data-id=\"5111d0ac\" data-element_type=\"column\">\n\t\t\t<div class=\"elementor-widget-wrap elementor-element-populated\">\n\t\t\t\t\t\t<div class=\"elementor-element elementor-element-2645562d elementor-widget elementor-widget-text-editor\" data-id=\"2645562d\" data-element_type=\"widget\" data-widget_type=\"text-editor.default\">\n\t\t\t\t<div class=\"elementor-widget-container\">\n\t\t\t\t\t\t\t\t\t<h1>\u00a0<\/h1><ul><li><h1>\u00a0Secretar\u00eda General<\/h1><div style=\"color: #666666; font-family: 'Open Sans', Arial, sans-serif; font-size: 13px;\"><div><p style=\"font-size: 23px; margin-top: 5px; margin-bottom: 8px; font-family: inherit; font-weight: 500; line-height: 1.1; text-align: center;\"><a style=\"background-image: initial; background-position: initial; background-size: initial; background-repeat: initial; background-attachment: initial; background-origin: initial; background-clip: initial; color: #2e2e2f;\" href=\"https:\/\/www.unex.es\/organizacion\/gobierno\/sec_gral\/cv\">Francisco \u00c1lvarez Arroyo<\/a><\/p><p style=\"font-family: inherit; font-weight: 500; line-height: 1.1; margin-top: 10px; margin-bottom: 8px; font-size: 21px; text-align: center;\"><strong>Secretario General<\/strong><\/p><p style=\"margin-bottom: 10px;\"><strong>\u00a0<\/strong><\/p><p style=\"font-family: inherit; font-weight: 500; line-height: 1.1; margin-top: 10px; margin-bottom: 8px; font-size: 21px; text-align: center;\">Mar\u00eda Dolores Cebri\u00e1 Garc\u00eda<\/p><p style=\"font-family: inherit; font-weight: 500; line-height: 1.1; margin-top: 10px; margin-bottom: 8px; font-size: 21px; text-align: center;\">Adjunta al Secretario General<\/p><h3 style=\"margin-bottom: 10px;\"><strong>Direcci\u00f3n postal<\/strong><\/h3><h1 style=\"clear: both;\">\u00a0<\/h1><table style=\"border-collapse: collapse; max-width: 100%; background-color: transparent; visibility: visible; width: 857.5px; margin-bottom: 1em;\"><tbody><tr><td style=\"padding: 0.5em 1em 0.5em 60px; vertical-align: top;\"><div style=\"clear: both; text-align: justify;\">Rectorado de C\u00e1ceres<\/div><div style=\"clear: both;\">Plaza de Caldereros, 1<\/div><div style=\"clear: both;\">10003 C\u00e1ceres<\/div><div style=\"clear: both;\">\u00a0<\/div><\/td><td style=\"padding: 0.5em 1em; vertical-align: top;\">\u00a0<\/td><td style=\"padding: 0.5em 1em; vertical-align: top;\"><div style=\"clear: both;\">Edificio Rectorado<\/div><div style=\"clear: both;\">Avda. de Elvas, s\/n<\/div><div style=\"clear: both;\">06006 Badajoz<\/div><\/td><\/tr><tr><td style=\"padding: 0.5em 1em; vertical-align: top;\"><div style=\"clear: both;\">Tel\u00e9fono: 924289301<\/div><div style=\"clear: both;\">E-mail:\u00a0<a style=\"background-image: initial; background-position: initial; background-size: initial; background-repeat: initial; background-attachment: initial; background-origin: initial; background-clip: initial; color: #2e2e2f;\" href=\"mailto:secgral@unex.es\">secgral@unex.es<\/a><\/div><\/td><td style=\"padding: 0.5em 1em; vertical-align: top;\">\u00a0<\/td><td style=\"padding: 0.5em 1em; vertical-align: top;\">\u00a0<\/td><\/tr><\/tbody><\/table><h6 style=\"margin-bottom: 10px;\"><strong>Personal<\/strong><\/h6><h6 style=\"margin-bottom: 10px;\">Secretaria:\u00a0Mar\u00eda del Pilar Lagar Barbosa<\/h6><h6 style=\"clear: both;\">Extensi\u00f3n: 89301<\/h6><h6 style=\"clear: both;\"><a style=\"background-image: initial; background-position: initial; background-size: initial; background-repeat: initial; background-attachment: initial; background-origin: initial; background-clip: initial; color: #2e2e2f;\" href=\"mailto:secgral@unex.es\">uexsg@unex.es<\/a><\/h6><\/div><\/div><\/li><\/ul>\t\t\t\t\t\t\t\t<\/div>\n\t\t\t\t<\/div>\n\t\t\t\t\t<\/div>\n\t\t<\/div>\n\t\t\t\t\t<\/div>\n\t\t<\/section>\n\t\t\t\t<section class=\"elementor-section elementor-top-section elementor-element elementor-element-29174db elementor-section-full_width cuadradossb elementor-section-height-default elementor-section-height-default\" data-id=\"29174db\" data-element_type=\"section\" data-settings=\"{&quot;background_background&quot;:&quot;classic&quot;}\">\n\t\t\t\t\t\t<div class=\"elementor-container elementor-column-gap-custom\">\n\t\t\t\t\t<div class=\"elementor-column elementor-col-25 elementor-top-column elementor-element elementor-element-7c7940e\" data-id=\"7c7940e\" data-element_type=\"column\" data-settings=\"{&quot;background_background&quot;:&quot;classic&quot;}\">\n\t\t\t<div class=\"elementor-widget-wrap elementor-element-populated\">\n\t\t\t\t\t\t<div class=\"elementor-element elementor-element-47f848e3 elementor-invisible elementor-widget elementor-widget-image\" data-id=\"47f848e3\" data-element_type=\"widget\" data-settings=\"{&quot;_animation&quot;:&quot;fadeIn&quot;}\" data-widget_type=\"image.default\">\n\t\t\t\t<div class=\"elementor-widget-container\">\n\t\t\t\t\t\t\t\t\t\t\t\t\t\t\t<img decoding=\"async\" width=\"406\" height=\"223\" src=\"https:\/\/imagencorporativa.eweb2.unex.es\/wp-content\/uploads\/2021\/10\/menu-web-ICV-1.jpg\" class=\"attachment-large size-large wp-image-4328\" alt=\"\" \/>\t\t\t\t\t\t\t\t\t\t\t\t\t\t\t<\/div>\n\t\t\t\t<\/div>\n\t\t\t\t\t<\/div>\n\t\t<\/div>\n\t\t\t\t<div class=\"elementor-column elementor-col-25 elementor-top-column elementor-element elementor-element-60e239f7\" data-id=\"60e239f7\" data-element_type=\"column\" data-settings=\"{&quot;background_background&quot;:&quot;classic&quot;}\">\n\t\t\t<div class=\"elementor-widget-wrap elementor-element-populated\">\n\t\t\t\t\t\t<div class=\"elementor-element elementor-element-1026ae1c elementor-widget elementor-widget-image\" data-id=\"1026ae1c\" data-element_type=\"widget\" data-widget_type=\"image.default\">\n\t\t\t\t<div class=\"elementor-widget-container\">\n\t\t\t\t\t\t\t\t\t\t\t\t\t\t\t\t<a href=\"https:\/\/imagencorporativa.eweb2.unex.es\/index.php\/logotipos-y-marca\/\">\n\t\t\t\t\t\t\t<img decoding=\"async\" width=\"406\" height=\"223\" src=\"https:\/\/imagencorporativa.eweb2.unex.es\/wp-content\/uploads\/2021\/10\/menu-web-ICV-2.jpg\" class=\"attachment-large size-large wp-image-4329\" alt=\"\" \/>\t\t\t\t\t\t\t\t<\/a>\n\t\t\t\t\t\t\t\t\t\t\t\t\t\t\t<\/div>\n\t\t\t\t<\/div>\n\t\t\t\t\t<\/div>\n\t\t<\/div>\n\t\t\t\t<div class=\"elementor-column elementor-col-25 elementor-top-column elementor-element elementor-element-2ef60cd6\" data-id=\"2ef60cd6\" data-element_type=\"column\" data-settings=\"{&quot;background_background&quot;:&quot;classic&quot;}\">\n\t\t\t<div class=\"elementor-widget-wrap elementor-element-populated\">\n\t\t\t\t\t\t<div class=\"elementor-element elementor-element-6b591b0a elementor-widget elementor-widget-image\" data-id=\"6b591b0a\" data-element_type=\"widget\" data-widget_type=\"image.default\">\n\t\t\t\t<div class=\"elementor-widget-container\">\n\t\t\t\t\t\t\t\t\t\t\t\t\t\t\t\t<a href=\"https:\/\/imagencorporativa.eweb2.unex.es\/index.php\/tipografias-y-grafismo\/\">\n\t\t\t\t\t\t\t<img loading=\"lazy\" decoding=\"async\" width=\"406\" height=\"223\" src=\"https:\/\/imagencorporativa.eweb2.unex.es\/wp-content\/uploads\/2021\/10\/menu-web-ICV-3.jpg\" class=\"attachment-large size-large wp-image-4330\" alt=\"\" \/>\t\t\t\t\t\t\t\t<\/a>\n\t\t\t\t\t\t\t\t\t\t\t\t\t\t\t<\/div>\n\t\t\t\t<\/div>\n\t\t\t\t\t<\/div>\n\t\t<\/div>\n\t\t\t\t<div class=\"elementor-column elementor-col-25 elementor-top-column elementor-element elementor-element-179510aa\" data-id=\"179510aa\" data-element_type=\"column\" data-settings=\"{&quot;background_background&quot;:&quot;classic&quot;}\">\n\t\t\t<div class=\"elementor-widget-wrap elementor-element-populated\">\n\t\t\t\t\t\t<div class=\"elementor-element elementor-element-5121edb5 elementor-widget elementor-widget-image\" data-id=\"5121edb5\" data-element_type=\"widget\" data-widget_type=\"image.default\">\n\t\t\t\t<div class=\"elementor-widget-container\">\n\t\t\t\t\t\t\t\t\t\t\t\t\t\t\t\t<a href=\"https:\/\/imagencorporativa.eweb2.unex.es\/index.php\/escudos-y-bandera\/\">\n\t\t\t\t\t\t\t<img loading=\"lazy\" decoding=\"async\" width=\"406\" height=\"223\" src=\"https:\/\/imagencorporativa.eweb2.unex.es\/wp-content\/uploads\/2021\/10\/menu-web-ICV-4.jpg\" class=\"attachment-large size-large wp-image-4331\" alt=\"\" \/>\t\t\t\t\t\t\t\t<\/a>\n\t\t\t\t\t\t\t\t\t\t\t\t\t\t\t<\/div>\n\t\t\t\t<\/div>\n\t\t\t\t\t<\/div>\n\t\t<\/div>\n\t\t\t\t\t<\/div>\n\t\t<\/section>\n\t\t\t\t<section class=\"elementor-section elementor-top-section elementor-element elementor-element-7225d2f4 elementor-section-full_width cuadradossb elementor-section-height-default elementor-section-height-default\" data-id=\"7225d2f4\" data-element_type=\"section\" data-settings=\"{&quot;background_background&quot;:&quot;classic&quot;}\">\n\t\t\t\t\t\t<div class=\"elementor-container elementor-column-gap-custom\">\n\t\t\t\t\t<div class=\"elementor-column elementor-col-25 elementor-top-column elementor-element elementor-element-344b0c01\" data-id=\"344b0c01\" data-element_type=\"column\" data-settings=\"{&quot;background_background&quot;:&quot;classic&quot;}\">\n\t\t\t<div class=\"elementor-widget-wrap elementor-element-populated\">\n\t\t\t\t\t\t<div class=\"elementor-element elementor-element-79326374 elementor-widget elementor-widget-image\" data-id=\"79326374\" data-element_type=\"widget\" data-widget_type=\"image.default\">\n\t\t\t\t<div class=\"elementor-widget-container\">\n\t\t\t\t\t\t\t\t\t\t\t\t\t\t\t\t<a href=\"https:\/\/imagencorporativa.eweb2.unex.es\/index.php\/papeleria-basica\/\">\n\t\t\t\t\t\t\t<img loading=\"lazy\" decoding=\"async\" width=\"406\" height=\"223\" src=\"https:\/\/imagencorporativa.eweb2.unex.es\/wp-content\/uploads\/2021\/10\/menu-web-ICV-5.jpg\" class=\"attachment-large size-large wp-image-4332\" alt=\"\" \/>\t\t\t\t\t\t\t\t<\/a>\n\t\t\t\t\t\t\t\t\t\t\t\t\t\t\t<\/div>\n\t\t\t\t<\/div>\n\t\t\t\t\t<\/div>\n\t\t<\/div>\n\t\t\t\t<div class=\"elementor-column elementor-col-25 elementor-top-column elementor-element elementor-element-7b8f4960\" data-id=\"7b8f4960\" data-element_type=\"column\" data-settings=\"{&quot;background_background&quot;:&quot;classic&quot;}\">\n\t\t\t<div class=\"elementor-widget-wrap elementor-element-populated\">\n\t\t\t\t\t\t<div class=\"elementor-element elementor-element-7f6f8a21 elementor-widget elementor-widget-image\" data-id=\"7f6f8a21\" data-element_type=\"widget\" data-widget_type=\"image.default\">\n\t\t\t\t<div class=\"elementor-widget-container\">\n\t\t\t\t\t\t\t\t\t\t\t\t\t\t\t\t<a href=\"https:\/\/imagencorporativa.eweb2.unex.es\/index.php\/material-de-comunicacion\/\">\n\t\t\t\t\t\t\t<img loading=\"lazy\" decoding=\"async\" width=\"406\" height=\"223\" src=\"https:\/\/imagencorporativa.eweb2.unex.es\/wp-content\/uploads\/2021\/10\/menu-web-ICV-6.jpg\" class=\"attachment-large size-large wp-image-4333\" alt=\"\" \/>\t\t\t\t\t\t\t\t<\/a>\n\t\t\t\t\t\t\t\t\t\t\t\t\t\t\t<\/div>\n\t\t\t\t<\/div>\n\t\t\t\t\t<\/div>\n\t\t<\/div>\n\t\t\t\t<div class=\"elementor-column elementor-col-25 elementor-top-column elementor-element elementor-element-6a84ba8a\" data-id=\"6a84ba8a\" data-element_type=\"column\" data-settings=\"{&quot;background_background&quot;:&quot;classic&quot;}\">\n\t\t\t<div class=\"elementor-widget-wrap elementor-element-populated\">\n\t\t\t\t\t\t<div class=\"elementor-element elementor-element-2aa303d5 elementor-widget elementor-widget-image\" data-id=\"2aa303d5\" data-element_type=\"widget\" data-widget_type=\"image.default\">\n\t\t\t\t<div class=\"elementor-widget-container\">\n\t\t\t\t\t\t\t\t\t\t\t\t\t\t\t\t<a href=\"https:\/\/imagencorporativa.eweb2.unex.es\/index.php\/formatos-electronicos-y-multimedia\/\">\n\t\t\t\t\t\t\t<img loading=\"lazy\" decoding=\"async\" width=\"406\" height=\"223\" src=\"https:\/\/imagencorporativa.eweb2.unex.es\/wp-content\/uploads\/2021\/10\/menu-web-ICV-7.jpg\" class=\"attachment-large size-large wp-image-4334\" alt=\"\" \/>\t\t\t\t\t\t\t\t<\/a>\n\t\t\t\t\t\t\t\t\t\t\t\t\t\t\t<\/div>\n\t\t\t\t<\/div>\n\t\t\t\t\t<\/div>\n\t\t<\/div>\n\t\t\t\t<div class=\"elementor-column elementor-col-25 elementor-top-column elementor-element elementor-element-7e6e8898\" data-id=\"7e6e8898\" data-element_type=\"column\" data-settings=\"{&quot;background_background&quot;:&quot;classic&quot;}\">\n\t\t\t<div class=\"elementor-widget-wrap elementor-element-populated\">\n\t\t\t\t\t\t<div class=\"elementor-element elementor-element-2dde11f2 elementor-widget elementor-widget-image\" data-id=\"2dde11f2\" data-element_type=\"widget\" data-widget_type=\"image.default\">\n\t\t\t\t<div class=\"elementor-widget-container\">\n\t\t\t\t\t\t\t\t\t\t\t\t\t\t\t\t<a href=\"https:\/\/imagencorporativa.eweb2.unex.es\/index.php\/material-deportivo-y-articulos-promocionales\/\">\n\t\t\t\t\t\t\t<img loading=\"lazy\" decoding=\"async\" width=\"406\" height=\"223\" src=\"https:\/\/imagencorporativa.eweb2.unex.es\/wp-content\/uploads\/2021\/10\/menu-web-ICV-8.jpg\" class=\"attachment-large size-large wp-image-4335\" alt=\"\" \/>\t\t\t\t\t\t\t\t<\/a>\n\t\t\t\t\t\t\t\t\t\t\t\t\t\t\t<\/div>\n\t\t\t\t<\/div>\n\t\t\t\t\t<\/div>\n\t\t<\/div>\n\t\t\t\t\t<\/div>\n\t\t<\/section>\n\t\t\t\t<\/div>\n\t\t","protected":false},"excerpt":{"rendered":"<p>\u00a0 \u00a0Secretar\u00eda General Francisco \u00c1lvarez Arroyo Secretario General \u00a0 Mar\u00eda Dolores Cebri\u00e1 Garc\u00eda Adjunta al Secretario General Direcci\u00f3n postal \u00a0 Rectorado de C\u00e1ceresPlaza de Caldereros, 110003 C\u00e1ceres\u00a0 \u00a0 Edificio RectoradoAvda. de Elvas, s\/n06006 Badajoz Tel\u00e9fono: 924289301E-mail:\u00a0secgral@unex.es \u00a0 \u00a0 Personal Secretaria:\u00a0Mar\u00eda del Pilar Lagar Barbosa Extensi\u00f3n: 89301 uexsg@unex.es<\/p>\n","protected":false},"author":1,"featured_media":0,"parent":0,"menu_order":0,"comment_status":"closed","ping_status":"closed","template":"","meta":{"site-sidebar-layout":"no-sidebar","site-content-layout":"page-builder","ast-site-content-layout":"default","site-content-style":"default","site-sidebar-style":"default","ast-global-header-display":"","ast-banner-title-visibility":"","ast-main-header-display":"","ast-hfb-above-header-display":"","ast-hfb-below-header-display":"","ast-hfb-mobile-header-display":"","site-post-title":"disabled","ast-breadcrumbs-content":"","ast-featured-img":"disabled","footer-sml-layout":"","theme-transparent-header-meta":"default","adv-header-id-meta":"","stick-header-meta":"","header-above-stick-meta":"","header-main-stick-meta":"","header-below-stick-meta":"","astra-migrate-meta-layouts":"default","ast-page-background-enabled":"default","ast-page-background-meta":{"desktop":{"background-color":"","background-image":"","background-repeat":"repeat","background-position":"center center","background-size":"auto","background-attachment":"scroll","background-type":"","background-media":"","overlay-type":"","overlay-color":"","overlay-opacity":"","overlay-gradient":""},"tablet":{"background-color":"","background-image":"","background-repeat":"repeat","background-position":"center center","background-size":"auto","background-attachment":"scroll","background-type":"","background-media":"","overlay-type":"","overlay-color":"","overlay-opacity":"","overlay-gradient":""},"mobile":{"background-color":"","background-image":"","background-repeat":"repeat","background-position":"center center","background-size":"auto","background-attachment":"scroll","background-type":"","background-media":"","overlay-type":"","overlay-color":"","overlay-opacity":"","overlay-gradient":""}},"ast-content-background-meta":{"desktop":{"background-color":"var(--ast-global-color-5)","background-image":"","background-repeat":"repeat","background-position":"center center","background-size":"auto","background-attachment":"scroll","background-type":"","background-media":"","overlay-type":"","overlay-color":"","overlay-opacity":"","overlay-gradient":""},"tablet":{"background-color":"var(--ast-global-color-5)","background-image":"","background-repeat":"repeat","background-position":"center center","background-size":"auto","background-attachment":"scroll","background-type":"","background-media":"","overlay-type":"","overlay-color":"","overlay-opacity":"","overlay-gradient":""},"mobile":{"background-color":"var(--ast-global-color-5)","background-image":"","background-repeat":"repeat","background-position":"center center","background-size":"auto","background-attachment":"scroll","background-type":"","background-media":"","overlay-type":"","overlay-color":"","overlay-opacity":"","overlay-gradient":""}},"footnotes":""},"class_list":["post-4298","page","type-page","status-publish","hentry"],"_links":{"self":[{"href":"https:\/\/imagencorporativa.eweb2.unex.es\/index.php\/wp-json\/wp\/v2\/pages\/4298","targetHints":{"allow":["GET"]}}],"collection":[{"href":"https:\/\/imagencorporativa.eweb2.unex.es\/index.php\/wp-json\/wp\/v2\/pages"}],"about":[{"href":"https:\/\/imagencorporativa.eweb2.unex.es\/index.php\/wp-json\/wp\/v2\/types\/page"}],"author":[{"embeddable":true,"href":"https:\/\/imagencorporativa.eweb2.unex.es\/index.php\/wp-json\/wp\/v2\/users\/1"}],"replies":[{"embeddable":true,"href":"https:\/\/imagencorporativa.eweb2.unex.es\/index.php\/wp-json\/wp\/v2\/comments?post=4298"}],"version-history":[{"count":11,"href":"https:\/\/imagencorporativa.eweb2.unex.es\/index.php\/wp-json\/wp\/v2\/pages\/4298\/revisions"}],"predecessor-version":[{"id":4876,"href":"https:\/\/imagencorporativa.eweb2.unex.es\/index.php\/wp-json\/wp\/v2\/pages\/4298\/revisions\/4876"}],"wp:attachment":[{"href":"https:\/\/imagencorporativa.eweb2.unex.es\/index.php\/wp-json\/wp\/v2\/media?parent=4298"}],"curies":[{"name":"wp","href":"https:\/\/api.w.org\/{rel}","templated":true}]}}