{"id":4514,"date":"2021-10-22T09:59:26","date_gmt":"2021-10-22T09:59:26","guid":{"rendered":"https:\/\/imagencorporativa.eweb2.unex.es\/?page_id=4514"},"modified":"2021-11-25T10:43:09","modified_gmt":"2021-11-25T10:43:09","slug":"formatos-electronicos-y-multimedia","status":"publish","type":"page","link":"https:\/\/imagencorporativa.eweb2.unex.es\/index.php\/formatos-electronicos-y-multimedia\/","title":{"rendered":"Formatos electr\u00f3nicos y multimedia"},"content":{"rendered":"\t\t<div data-elementor-type=\"wp-page\" data-elementor-id=\"4514\" class=\"elementor elementor-4514\">\n\t\t\t\t\t\t<section class=\"elementor-section elementor-top-section elementor-element elementor-element-4a7f588a elementor-section-full_width elementor-section-height-default elementor-section-height-default\" data-id=\"4a7f588a\" data-element_type=\"section\" data-settings=\"{&quot;background_background&quot;:&quot;classic&quot;}\">\n\t\t\t\t\t\t<div class=\"elementor-container elementor-column-gap-default\">\n\t\t\t\t\t<div class=\"elementor-column elementor-col-100 elementor-top-column elementor-element elementor-element-143bbf6\" data-id=\"143bbf6\" data-element_type=\"column\">\n\t\t\t<div class=\"elementor-widget-wrap elementor-element-populated\">\n\t\t\t\t\t\t<div class=\"elementor-element elementor-element-161738ef elementor-widget elementor-widget-image\" data-id=\"161738ef\" data-element_type=\"widget\" data-widget_type=\"image.default\">\n\t\t\t\t<div class=\"elementor-widget-container\">\n\t\t\t\t\t\t\t\t\t\t\t\t\t\t\t<img fetchpriority=\"high\" decoding=\"async\" width=\"1920\" height=\"223\" src=\"https:\/\/imagencorporativa.eweb2.unex.es\/wp-content\/uploads\/2021\/10\/webICV-cabecera07.jpg\" class=\"attachment-full size-full wp-image-4573\" alt=\"\" \/>\t\t\t\t\t\t\t\t\t\t\t\t\t\t\t<\/div>\n\t\t\t\t<\/div>\n\t\t\t\t\t<\/div>\n\t\t<\/div>\n\t\t\t\t\t<\/div>\n\t\t<\/section>\n\t\t\t\t<section class=\"elementor-section elementor-top-section elementor-element elementor-element-5f280ae4 elementor-section-boxed elementor-section-height-default elementor-section-height-default\" data-id=\"5f280ae4\" data-element_type=\"section\" data-settings=\"{&quot;background_background&quot;:&quot;classic&quot;}\">\n\t\t\t\t\t\t<div class=\"elementor-container elementor-column-gap-default\">\n\t\t\t\t\t<div class=\"elementor-column elementor-col-33 elementor-top-column elementor-element elementor-element-21dddff6\" data-id=\"21dddff6\" data-element_type=\"column\">\n\t\t\t<div class=\"elementor-widget-wrap elementor-element-populated\">\n\t\t\t\t\t\t\t<\/div>\n\t\t<\/div>\n\t\t\t\t<div class=\"elementor-column elementor-col-33 elementor-top-column elementor-element elementor-element-4c79fbd9\" data-id=\"4c79fbd9\" data-element_type=\"column\">\n\t\t\t<div class=\"elementor-widget-wrap elementor-element-populated\">\n\t\t\t\t\t\t<div class=\"elementor-element elementor-element-229b368c elementor-widget elementor-widget-toggle\" data-id=\"229b368c\" data-element_type=\"widget\" data-widget_type=\"toggle.default\">\n\t\t\t\t<div class=\"elementor-widget-container\">\n\t\t\t\t\t\t\t<div class=\"elementor-toggle\">\n\t\t\t\t\t\t\t<div class=\"elementor-toggle-item\">\n\t\t\t\t\t<h3 id=\"elementor-tab-title-5801\" class=\"elementor-tab-title\" data-tab=\"1\" role=\"button\" aria-controls=\"elementor-tab-content-5801\" aria-expanded=\"false\">\n\t\t\t\t\t\t\t\t\t\t\t\t<span class=\"elementor-toggle-icon elementor-toggle-icon-left\" aria-hidden=\"true\">\n\t\t\t\t\t\t\t\t\t\t\t\t\t\t\t<span class=\"elementor-toggle-icon-closed\"><i class=\"fas fa-caret-right\"><\/i><\/span>\n\t\t\t\t\t\t\t\t<span class=\"elementor-toggle-icon-opened\"><i class=\"elementor-toggle-icon-opened fas fa-caret-up\"><\/i><\/span>\n\t\t\t\t\t\t\t\t\t\t\t\t\t<\/span>\n\t\t\t\t\t\t\t\t\t\t\t\t<a class=\"elementor-toggle-title\" tabindex=\"0\">Presentaciones multimedia <\/a>\n\t\t\t\t\t<\/h3>\n\n\t\t\t\t\t<div id=\"elementor-tab-content-5801\" class=\"elementor-tab-content elementor-clearfix\" data-tab=\"1\" role=\"region\" aria-labelledby=\"elementor-tab-title-5801\"><p style=\"text-align: justify;\"><span class=\"fontstyle0\">En las presentaciones multimedia, la marca de la Universidad se podr\u00e1 colocar en la portada, situada en el margen inferior derecho o centrada en la parte superior.<br \/><\/span><\/p><p style=\"text-align: justify;\"><span class=\"fontstyle0\">La marca podr\u00e1 representarse en cualquiera de sus versiones en color, negro o negativo, en funci\u00f3n del fondo de la presentaci\u00f3n.<br \/><\/span><\/p><p style=\"text-align: justify;\"><span class=\"fontstyle0\">Con la finalidad de que los documentos y\/o presentaciones mantengan una coherencia gr\u00e1fica, se ha creado una plantilla de PowerPoint de referencia.<\/span><\/p><p><img decoding=\"async\" class=\"aligncenter size-full wp-image-4694\" src=\"https:\/\/imagencorporativa.eweb2.unex.es\/wp-content\/uploads\/2021\/11\/powerpoint.png\" alt=\"\" width=\"459\" height=\"348\" \/><\/p><ul><li>Descarga la presentaci\u00f3n <a href=\"https:\/\/imagencorporativa.eweb2.unex.es\/wp-content\/uploads\/2021\/11\/presentacionuex.ppt\">PowerPoint<\/a> <u><img decoding=\"async\" class=\"alignright size-full wp-image-4394\" src=\"https:\/\/imagencorporativa.eweb2.unex.es\/wp-content\/uploads\/2021\/10\/icono.jpg\" alt=\"\" width=\"84\" height=\"114\" \/><\/u><\/li><\/ul><p style=\"text-align: left;\">\u00a0<\/p><\/div>\n\t\t\t\t<\/div>\n\t\t\t\t\t\t\t<div class=\"elementor-toggle-item\">\n\t\t\t\t\t<h3 id=\"elementor-tab-title-5802\" class=\"elementor-tab-title\" data-tab=\"2\" role=\"button\" aria-controls=\"elementor-tab-content-5802\" aria-expanded=\"false\">\n\t\t\t\t\t\t\t\t\t\t\t\t<span class=\"elementor-toggle-icon elementor-toggle-icon-left\" aria-hidden=\"true\">\n\t\t\t\t\t\t\t\t\t\t\t\t\t\t\t<span class=\"elementor-toggle-icon-closed\"><i class=\"fas fa-caret-right\"><\/i><\/span>\n\t\t\t\t\t\t\t\t<span class=\"elementor-toggle-icon-opened\"><i class=\"elementor-toggle-icon-opened fas fa-caret-up\"><\/i><\/span>\n\t\t\t\t\t\t\t\t\t\t\t\t\t<\/span>\n\t\t\t\t\t\t\t\t\t\t\t\t<a class=\"elementor-toggle-title\" tabindex=\"0\">Firma de correo electr\u00f3nico <\/a>\n\t\t\t\t\t<\/h3>\n\n\t\t\t\t\t<div id=\"elementor-tab-content-5802\" class=\"elementor-tab-content elementor-clearfix\" data-tab=\"2\" role=\"region\" aria-labelledby=\"elementor-tab-title-5802\"><p style=\"text-align: justify;\"><span class=\"fontstyle0\">La <strong>tipograf\u00eda<\/strong> recomendada para los mensajes de correo electr\u00f3nico es la recogida en el presente manual.<br \/>&#8211; A la izquierda de la firma figurar\u00e1 la <strong>marca<\/strong> de la Universidad de Extremadura en la versi\u00f3n que se muestra a continuaci\u00f3n.<br \/>&#8211; El <strong>nombre y apellidos<\/strong> se colocar\u00e1n en negrita y bajo estos figurar\u00e1 el cargo. A continuaci\u00f3n tras una l\u00ednea en blanco detallaremos la direcci\u00f3n, tel\u00e9fono y p\u00e1gina web.<\/span><\/p><p style=\"text-align: justify;\"><span class=\"fontstyle0\">Se recomienda terminar el mensaje con el siguiente texto:<br \/><\/span><em><span class=\"fontstyle2\">\u201cAntes de imprimir este mensaje, por favor compruebe que es verdaderamente necesario. El Medio Ambiente es cosa de todos\u201d<\/span><\/em><\/p><p><img loading=\"lazy\" decoding=\"async\" class=\"aligncenter size-full wp-image-4695\" src=\"https:\/\/imagencorporativa.eweb2.unex.es\/wp-content\/uploads\/2021\/11\/firmacorreo.png\" alt=\"\" width=\"434\" height=\"179\" \/><\/p><ul><li>Descarga la firma de correo editable <a href=\"https:\/\/imagencorporativa.eweb2.unex.es\/wp-content\/uploads\/2021\/11\/Firma-correo-electronico.pdf\">\u00a0en PDF<\/a><u><img decoding=\"async\" class=\"alignright size-full wp-image-4394\" src=\"https:\/\/imagencorporativa.eweb2.unex.es\/wp-content\/uploads\/2021\/10\/icono.jpg\" alt=\"\" width=\"84\" height=\"114\" \/><\/u><\/li><\/ul><\/div>\n\t\t\t\t<\/div>\n\t\t\t\t\t\t\t<div class=\"elementor-toggle-item\">\n\t\t\t\t\t<h3 id=\"elementor-tab-title-5803\" class=\"elementor-tab-title\" data-tab=\"3\" role=\"button\" aria-controls=\"elementor-tab-content-5803\" aria-expanded=\"false\">\n\t\t\t\t\t\t\t\t\t\t\t\t<span class=\"elementor-toggle-icon elementor-toggle-icon-left\" aria-hidden=\"true\">\n\t\t\t\t\t\t\t\t\t\t\t\t\t\t\t<span class=\"elementor-toggle-icon-closed\"><i class=\"fas fa-caret-right\"><\/i><\/span>\n\t\t\t\t\t\t\t\t<span class=\"elementor-toggle-icon-opened\"><i class=\"elementor-toggle-icon-opened fas fa-caret-up\"><\/i><\/span>\n\t\t\t\t\t\t\t\t\t\t\t\t\t<\/span>\n\t\t\t\t\t\t\t\t\t\t\t\t<a class=\"elementor-toggle-title\" tabindex=\"0\">Redes Sociales <\/a>\n\t\t\t\t\t<\/h3>\n\n\t\t\t\t\t<div id=\"elementor-tab-content-5803\" class=\"elementor-tab-content elementor-clearfix\" data-tab=\"3\" role=\"region\" aria-labelledby=\"elementor-tab-title-5803\"><p style=\"text-align: justify;\"><span class=\"fontstyle0\">En todas las redes sociales se deben seguir los criterios de identificaci\u00f3n visual establecidos en este manual, y por lo tanto, el perfil debe ser siempre la marca de la <strong>UEx<\/strong>, junto al nombre del servicio y vicerrectorado correspondiente. <\/span><\/p><p style=\"text-align: justify;\"><span class=\"fontstyle0\">La imagen debe estar ajustada a las dimensiones establecidas por cada red social y seguir las normas establecidas en el <\/span><span style=\"text-decoration: underline;\"><span class=\"fontstyle2\">Manual de Estilo de Redes Sociales <\/span><\/span><span class=\"fontstyle0\"><span style=\"text-decoration: underline;\">de la UEx<\/span>.<\/span><\/p><p style=\"text-align: justify;\"><span class=\"fontstyle0\">Las <strong>cuentas oficiales<\/strong> deber\u00e1n tener una imagen de portada institucional que debe seguir las indicaciones del M<\/span><span class=\"fontstyle0\">anual de Estilo de Redes Sociales de la UEx.<br \/>Todas las im\u00e1genes de portada deben estar relacionadas con la tem\u00e1tica del perfil en cuesti\u00f3n y cada vez que se produzca un cambio de la imagen de portada deber\u00e1 contar con el visto bueno de la Direcci\u00f3n de Comunicaci\u00f3n.<\/span><\/p><p><img loading=\"lazy\" decoding=\"async\" class=\"size-full wp-image-4696 alignnone\" src=\"https:\/\/imagencorporativa.eweb2.unex.es\/wp-content\/uploads\/2021\/11\/redes-sociales.png\" alt=\"\" width=\"490\" height=\"293\" \/><\/p><ul><li><span style=\"font-style: inherit; font-weight: inherit; color: var(--ast-global-color-3);\">Descarga el <span style=\"text-decoration: underline;\"><a href=\"https:\/\/manualrrss.eweb2.unex.es\/wp-content\/uploads\/2021\/11\/Estilo-redes-sociales-UEX-2020.pdf-UExCloud.pdf\" target=\"_blank\" rel=\"noopener\">Manual de Estilo en Redes Sociales de la UEx<\/a> <\/span><img decoding=\"async\" class=\"alignright size-full wp-image-4394\" src=\"https:\/\/imagencorporativa.eweb2.unex.es\/wp-content\/uploads\/2021\/10\/icono.jpg\" alt=\"\" width=\"84\" height=\"114\" \/><\/span><\/li><\/ul><\/div>\n\t\t\t\t<\/div>\n\t\t\t\t\t\t\t\t<\/div>\n\t\t\t\t\t\t<\/div>\n\t\t\t\t<\/div>\n\t\t\t\t\t<\/div>\n\t\t<\/div>\n\t\t\t\t<div class=\"elementor-column elementor-col-33 elementor-top-column elementor-element elementor-element-b181c2c\" data-id=\"b181c2c\" data-element_type=\"column\">\n\t\t\t<div class=\"elementor-widget-wrap elementor-element-populated\">\n\t\t\t\t\t\t<div class=\"elementor-element elementor-element-c59d63f elementor-invisible elementor-widget elementor-widget-image\" data-id=\"c59d63f\" data-element_type=\"widget\" data-settings=\"{&quot;_animation&quot;:&quot;fadeIn&quot;}\" data-widget_type=\"image.default\">\n\t\t\t\t<div class=\"elementor-widget-container\">\n\t\t\t\t\t\t\t\t\t\t\t\t\t\t\t<img loading=\"lazy\" decoding=\"async\" width=\"300\" height=\"300\" src=\"https:\/\/imagencorporativa.eweb2.unex.es\/wp-content\/uploads\/2021\/11\/ICONORRSS06-GRIS.png\" class=\"attachment-medium_large size-medium_large wp-image-4737\" alt=\"\" \/>\t\t\t\t\t\t\t\t\t\t\t\t\t\t\t<\/div>\n\t\t\t\t<\/div>\n\t\t\t\t\t<\/div>\n\t\t<\/div>\n\t\t\t\t\t<\/div>\n\t\t<\/section>\n\t\t\t\t<section class=\"elementor-section elementor-top-section elementor-element elementor-element-55d591b elementor-section-full_width cuadradossb elementor-section-height-default elementor-section-height-default\" data-id=\"55d591b\" data-element_type=\"section\" data-settings=\"{&quot;background_background&quot;:&quot;classic&quot;}\">\n\t\t\t\t\t\t<div class=\"elementor-container elementor-column-gap-custom\">\n\t\t\t\t\t<div class=\"elementor-column elementor-col-25 elementor-top-column elementor-element elementor-element-15e55332\" data-id=\"15e55332\" data-element_type=\"column\" data-settings=\"{&quot;background_background&quot;:&quot;classic&quot;}\">\n\t\t\t<div class=\"elementor-widget-wrap elementor-element-populated\">\n\t\t\t\t\t\t<div class=\"elementor-element elementor-element-2bd7fe6f elementor-invisible elementor-widget elementor-widget-image\" data-id=\"2bd7fe6f\" data-element_type=\"widget\" data-settings=\"{&quot;_animation&quot;:&quot;fadeIn&quot;}\" data-widget_type=\"image.default\">\n\t\t\t\t<div class=\"elementor-widget-container\">\n\t\t\t\t\t\t\t\t\t\t\t\t\t\t\t<img loading=\"lazy\" decoding=\"async\" width=\"406\" height=\"223\" src=\"https:\/\/imagencorporativa.eweb2.unex.es\/wp-content\/uploads\/2021\/10\/menu-web-ICV-1.jpg\" class=\"attachment-large size-large wp-image-4328\" alt=\"\" \/>\t\t\t\t\t\t\t\t\t\t\t\t\t\t\t<\/div>\n\t\t\t\t<\/div>\n\t\t\t\t\t<\/div>\n\t\t<\/div>\n\t\t\t\t<div class=\"elementor-column elementor-col-25 elementor-top-column elementor-element elementor-element-2703a7d\" data-id=\"2703a7d\" data-element_type=\"column\" data-settings=\"{&quot;background_background&quot;:&quot;classic&quot;}\">\n\t\t\t<div class=\"elementor-widget-wrap elementor-element-populated\">\n\t\t\t\t\t\t<div class=\"elementor-element elementor-element-6c8f5626 elementor-widget elementor-widget-image\" data-id=\"6c8f5626\" data-element_type=\"widget\" data-widget_type=\"image.default\">\n\t\t\t\t<div class=\"elementor-widget-container\">\n\t\t\t\t\t\t\t\t\t\t\t\t\t\t\t\t<a href=\"https:\/\/imagencorporativa.eweb2.unex.es\/index.php\/logotipos-y-marca\/\">\n\t\t\t\t\t\t\t<img loading=\"lazy\" decoding=\"async\" width=\"406\" height=\"223\" src=\"https:\/\/imagencorporativa.eweb2.unex.es\/wp-content\/uploads\/2021\/10\/menu-web-ICV-2.jpg\" class=\"attachment-large size-large wp-image-4329\" alt=\"\" \/>\t\t\t\t\t\t\t\t<\/a>\n\t\t\t\t\t\t\t\t\t\t\t\t\t\t\t<\/div>\n\t\t\t\t<\/div>\n\t\t\t\t\t<\/div>\n\t\t<\/div>\n\t\t\t\t<div class=\"elementor-column elementor-col-25 elementor-top-column elementor-element elementor-element-53daacd7\" data-id=\"53daacd7\" data-element_type=\"column\" data-settings=\"{&quot;background_background&quot;:&quot;classic&quot;}\">\n\t\t\t<div class=\"elementor-widget-wrap elementor-element-populated\">\n\t\t\t\t\t\t<div class=\"elementor-element elementor-element-78a4a7a elementor-widget elementor-widget-image\" data-id=\"78a4a7a\" data-element_type=\"widget\" data-widget_type=\"image.default\">\n\t\t\t\t<div class=\"elementor-widget-container\">\n\t\t\t\t\t\t\t\t\t\t\t\t\t\t\t\t<a href=\"https:\/\/imagencorporativa.eweb2.unex.es\/index.php\/tipografias-y-grafismo\/\">\n\t\t\t\t\t\t\t<img loading=\"lazy\" decoding=\"async\" width=\"406\" height=\"223\" src=\"https:\/\/imagencorporativa.eweb2.unex.es\/wp-content\/uploads\/2021\/10\/menu-web-ICV-3.jpg\" class=\"attachment-large size-large wp-image-4330\" alt=\"\" \/>\t\t\t\t\t\t\t\t<\/a>\n\t\t\t\t\t\t\t\t\t\t\t\t\t\t\t<\/div>\n\t\t\t\t<\/div>\n\t\t\t\t\t<\/div>\n\t\t<\/div>\n\t\t\t\t<div class=\"elementor-column elementor-col-25 elementor-top-column elementor-element elementor-element-6e83e5f3\" data-id=\"6e83e5f3\" data-element_type=\"column\" data-settings=\"{&quot;background_background&quot;:&quot;classic&quot;}\">\n\t\t\t<div class=\"elementor-widget-wrap elementor-element-populated\">\n\t\t\t\t\t\t<div class=\"elementor-element elementor-element-743927c0 elementor-widget elementor-widget-image\" data-id=\"743927c0\" data-element_type=\"widget\" data-widget_type=\"image.default\">\n\t\t\t\t<div class=\"elementor-widget-container\">\n\t\t\t\t\t\t\t\t\t\t\t\t\t\t\t\t<a href=\"https:\/\/imagencorporativa.eweb2.unex.es\/index.php\/escudos-y-bandera\/\">\n\t\t\t\t\t\t\t<img loading=\"lazy\" decoding=\"async\" width=\"406\" height=\"223\" src=\"https:\/\/imagencorporativa.eweb2.unex.es\/wp-content\/uploads\/2021\/10\/menu-web-ICV-4.jpg\" class=\"attachment-large size-large wp-image-4331\" alt=\"\" \/>\t\t\t\t\t\t\t\t<\/a>\n\t\t\t\t\t\t\t\t\t\t\t\t\t\t\t<\/div>\n\t\t\t\t<\/div>\n\t\t\t\t\t<\/div>\n\t\t<\/div>\n\t\t\t\t\t<\/div>\n\t\t<\/section>\n\t\t\t\t<section class=\"elementor-section elementor-top-section elementor-element elementor-element-73516332 elementor-section-full_width cuadradossb elementor-section-height-default elementor-section-height-default\" data-id=\"73516332\" data-element_type=\"section\" data-settings=\"{&quot;background_background&quot;:&quot;classic&quot;}\">\n\t\t\t\t\t\t<div class=\"elementor-container elementor-column-gap-custom\">\n\t\t\t\t\t<div class=\"elementor-column elementor-col-25 elementor-top-column elementor-element elementor-element-2ead2fca\" data-id=\"2ead2fca\" data-element_type=\"column\" data-settings=\"{&quot;background_background&quot;:&quot;classic&quot;}\">\n\t\t\t<div class=\"elementor-widget-wrap elementor-element-populated\">\n\t\t\t\t\t\t<div class=\"elementor-element elementor-element-5abb58a9 elementor-widget elementor-widget-image\" data-id=\"5abb58a9\" data-element_type=\"widget\" data-widget_type=\"image.default\">\n\t\t\t\t<div class=\"elementor-widget-container\">\n\t\t\t\t\t\t\t\t\t\t\t\t\t\t\t\t<a href=\"https:\/\/imagencorporativa.eweb2.unex.es\/index.php\/papeleria-basica\/\">\n\t\t\t\t\t\t\t<img loading=\"lazy\" decoding=\"async\" width=\"406\" height=\"223\" src=\"https:\/\/imagencorporativa.eweb2.unex.es\/wp-content\/uploads\/2021\/10\/menu-web-ICV-5.jpg\" class=\"attachment-large size-large wp-image-4332\" alt=\"\" \/>\t\t\t\t\t\t\t\t<\/a>\n\t\t\t\t\t\t\t\t\t\t\t\t\t\t\t<\/div>\n\t\t\t\t<\/div>\n\t\t\t\t\t<\/div>\n\t\t<\/div>\n\t\t\t\t<div class=\"elementor-column elementor-col-25 elementor-top-column elementor-element elementor-element-6a94b9af\" data-id=\"6a94b9af\" data-element_type=\"column\" data-settings=\"{&quot;background_background&quot;:&quot;classic&quot;}\">\n\t\t\t<div class=\"elementor-widget-wrap elementor-element-populated\">\n\t\t\t\t\t\t<div class=\"elementor-element elementor-element-6388f8ae elementor-widget elementor-widget-image\" data-id=\"6388f8ae\" data-element_type=\"widget\" data-widget_type=\"image.default\">\n\t\t\t\t<div class=\"elementor-widget-container\">\n\t\t\t\t\t\t\t\t\t\t\t\t\t\t\t\t<a href=\"https:\/\/imagencorporativa.eweb2.unex.es\/index.php\/material-de-comunicacion\/\">\n\t\t\t\t\t\t\t<img loading=\"lazy\" decoding=\"async\" width=\"406\" height=\"223\" src=\"https:\/\/imagencorporativa.eweb2.unex.es\/wp-content\/uploads\/2021\/10\/menu-web-ICV-6.jpg\" class=\"attachment-large size-large wp-image-4333\" alt=\"\" \/>\t\t\t\t\t\t\t\t<\/a>\n\t\t\t\t\t\t\t\t\t\t\t\t\t\t\t<\/div>\n\t\t\t\t<\/div>\n\t\t\t\t\t<\/div>\n\t\t<\/div>\n\t\t\t\t<div class=\"elementor-column elementor-col-25 elementor-top-column elementor-element elementor-element-7df16930\" data-id=\"7df16930\" data-element_type=\"column\" data-settings=\"{&quot;background_background&quot;:&quot;classic&quot;}\">\n\t\t\t<div class=\"elementor-widget-wrap elementor-element-populated\">\n\t\t\t\t\t\t<div class=\"elementor-element elementor-element-2b03f88 elementor-widget elementor-widget-image\" data-id=\"2b03f88\" data-element_type=\"widget\" data-widget_type=\"image.default\">\n\t\t\t\t<div class=\"elementor-widget-container\">\n\t\t\t\t\t\t\t\t\t\t\t\t\t\t\t\t<a href=\"https:\/\/imagencorporativa.eweb2.unex.es\/index.php\/formatos-electronicos-y-multimedia\/\">\n\t\t\t\t\t\t\t<img loading=\"lazy\" decoding=\"async\" width=\"406\" height=\"223\" src=\"https:\/\/imagencorporativa.eweb2.unex.es\/wp-content\/uploads\/2021\/10\/menu-web-ICV-7.jpg\" class=\"attachment-large size-large wp-image-4334\" alt=\"\" \/>\t\t\t\t\t\t\t\t<\/a>\n\t\t\t\t\t\t\t\t\t\t\t\t\t\t\t<\/div>\n\t\t\t\t<\/div>\n\t\t\t\t\t<\/div>\n\t\t<\/div>\n\t\t\t\t<div class=\"elementor-column elementor-col-25 elementor-top-column elementor-element elementor-element-2be65ba\" data-id=\"2be65ba\" data-element_type=\"column\" data-settings=\"{&quot;background_background&quot;:&quot;classic&quot;}\">\n\t\t\t<div class=\"elementor-widget-wrap elementor-element-populated\">\n\t\t\t\t\t\t<div class=\"elementor-element elementor-element-117ca927 elementor-widget elementor-widget-image\" data-id=\"117ca927\" data-element_type=\"widget\" data-widget_type=\"image.default\">\n\t\t\t\t<div class=\"elementor-widget-container\">\n\t\t\t\t\t\t\t\t\t\t\t\t\t\t\t\t<a href=\"https:\/\/imagencorporativa.eweb2.unex.es\/index.php\/material-deportivo-y-articulos-promocionales\/\">\n\t\t\t\t\t\t\t<img loading=\"lazy\" decoding=\"async\" width=\"406\" height=\"223\" src=\"https:\/\/imagencorporativa.eweb2.unex.es\/wp-content\/uploads\/2021\/10\/menu-web-ICV-8.jpg\" class=\"attachment-large size-large wp-image-4335\" alt=\"\" \/>\t\t\t\t\t\t\t\t<\/a>\n\t\t\t\t\t\t\t\t\t\t\t\t\t\t\t<\/div>\n\t\t\t\t<\/div>\n\t\t\t\t\t<\/div>\n\t\t<\/div>\n\t\t\t\t\t<\/div>\n\t\t<\/section>\n\t\t\t\t<\/div>\n\t\t","protected":false},"excerpt":{"rendered":"<p>Presentaciones multimedia En las presentaciones multimedia, la marca de la Universidad se podr\u00e1 colocar en la portada, situada en el margen inferior derecho o centrada en la parte superior. La marca podr\u00e1 representarse en cualquiera de sus versiones en color, negro o negativo, en funci\u00f3n del fondo de la presentaci\u00f3n. Con la finalidad de que [&hellip;]<\/p>\n","protected":false},"author":1,"featured_media":0,"parent":0,"menu_order":0,"comment_status":"closed","ping_status":"closed","template":"","meta":{"site-sidebar-layout":"no-sidebar","site-content-layout":"page-builder","ast-site-content-layout":"default","site-content-style":"default","site-sidebar-style":"default","ast-global-header-display":"","ast-banner-title-visibility":"","ast-main-header-display":"","ast-hfb-above-header-display":"","ast-hfb-below-header-display":"","ast-hfb-mobile-header-display":"","site-post-title":"disabled","ast-breadcrumbs-content":"","ast-featured-img":"disabled","footer-sml-layout":"","theme-transparent-header-meta":"default","adv-header-id-meta":"","stick-header-meta":"","header-above-stick-meta":"","header-main-stick-meta":"","header-below-stick-meta":"","astra-migrate-meta-layouts":"default","ast-page-background-enabled":"default","ast-page-background-meta":{"desktop":{"background-color":"","background-image":"","background-repeat":"repeat","background-position":"center center","background-size":"auto","background-attachment":"scroll","background-type":"","background-media":"","overlay-type":"","overlay-color":"","overlay-opacity":"","overlay-gradient":""},"tablet":{"background-color":"","background-image":"","background-repeat":"repeat","background-position":"center center","background-size":"auto","background-attachment":"scroll","background-type":"","background-media":"","overlay-type":"","overlay-color":"","overlay-opacity":"","overlay-gradient":""},"mobile":{"background-color":"","background-image":"","background-repeat":"repeat","background-position":"center center","background-size":"auto","background-attachment":"scroll","background-type":"","background-media":"","overlay-type":"","overlay-color":"","overlay-opacity":"","overlay-gradient":""}},"ast-content-background-meta":{"desktop":{"background-color":"var(--ast-global-color-5)","background-image":"","background-repeat":"repeat","background-position":"center center","background-size":"auto","background-attachment":"scroll","background-type":"","background-media":"","overlay-type":"","overlay-color":"","overlay-opacity":"","overlay-gradient":""},"tablet":{"background-color":"var(--ast-global-color-5)","background-image":"","background-repeat":"repeat","background-position":"center center","background-size":"auto","background-attachment":"scroll","background-type":"","background-media":"","overlay-type":"","overlay-color":"","overlay-opacity":"","overlay-gradient":""},"mobile":{"background-color":"var(--ast-global-color-5)","background-image":"","background-repeat":"repeat","background-position":"center center","background-size":"auto","background-attachment":"scroll","background-type":"","background-media":"","overlay-type":"","overlay-color":"","overlay-opacity":"","overlay-gradient":""}},"footnotes":""},"class_list":["post-4514","page","type-page","status-publish","hentry"],"_links":{"self":[{"href":"https:\/\/imagencorporativa.eweb2.unex.es\/index.php\/wp-json\/wp\/v2\/pages\/4514","targetHints":{"allow":["GET"]}}],"collection":[{"href":"https:\/\/imagencorporativa.eweb2.unex.es\/index.php\/wp-json\/wp\/v2\/pages"}],"about":[{"href":"https:\/\/imagencorporativa.eweb2.unex.es\/index.php\/wp-json\/wp\/v2\/types\/page"}],"author":[{"embeddable":true,"href":"https:\/\/imagencorporativa.eweb2.unex.es\/index.php\/wp-json\/wp\/v2\/users\/1"}],"replies":[{"embeddable":true,"href":"https:\/\/imagencorporativa.eweb2.unex.es\/index.php\/wp-json\/wp\/v2\/comments?post=4514"}],"version-history":[{"count":22,"href":"https:\/\/imagencorporativa.eweb2.unex.es\/index.php\/wp-json\/wp\/v2\/pages\/4514\/revisions"}],"predecessor-version":[{"id":4850,"href":"https:\/\/imagencorporativa.eweb2.unex.es\/index.php\/wp-json\/wp\/v2\/pages\/4514\/revisions\/4850"}],"wp:attachment":[{"href":"https:\/\/imagencorporativa.eweb2.unex.es\/index.php\/wp-json\/wp\/v2\/media?parent=4514"}],"curies":[{"name":"wp","href":"https:\/\/api.w.org\/{rel}","templated":true}]}}